{"id":4040,"date":"2026-02-25T17:24:01","date_gmt":"2026-02-25T17:24:01","guid":{"rendered":"https:\/\/miclijor.com\/aviso-legal-imprint\/"},"modified":"2026-02-25T17:41:08","modified_gmt":"2026-02-25T17:41:08","slug":"aviso-legal-imprint","status":"publish","type":"page","link":"https:\/\/miclijor.com\/fr\/aviso-legal-imprint\/","title":{"rendered":"Mentions l\u00e9gales \/ Impression"},"content":{"rendered":"<!-- Legal document generated by Complianz | GDPR\/CCPA Cookie Consent https:\/\/wordpress.org\/plugins\/complianz-gdpr -->\n<div id=\"cmplz-document\" class=\"cmplz-document impressum cmplz-document-all\"><p><i>This imprint was last updated on f\u00e9vrier 27, 2026.<\/i><\/p><p class=\"cmplz-subtitle\">The owner of this website is:<\/p><p>MICLIJOR S.L.<br>Cortijo Benitez, 360<br \/>\n29100 Coin - Malaga - Espagne<br>Espagne<br>Courriel :&nbsp;<span class=\"cmplz-obfuscate\">info@<span class=\"cmplz-fmail-domain\">ex.com<\/span>m&#105;c&#108;i&#106;o&#114;.&#099;o&#109;<\/span><br>Num\u00e9ro de t\u00e9l\u00e9phone : +34 951 177 909<br>VAT ID:&nbsp;B42943720<\/p><h2>1. General<\/h2><p>We are not willing or obliged to participate in dispute resolution procedures before a consumer arbitration board.<\/p><\/div>","protected":false},"excerpt":{"rendered":"","protected":false},"author":1,"featured_media":0,"parent":0,"menu_order":0,"comment_status":"closed","ping_status":"closed","template":"","meta":{"footnotes":""},"class_list":["post-4040","page","type-page","status-publish","hentry"],"yoast_head":"<!-- This site is optimized with the Yoast SEO Premium plugin v27.1 (Yoast SEO v27.0) - https:\/\/yoast.com\/product\/yoast-seo-premium-wordpress\/ -->\n<title>Aviso Legal \/ Imprint - Miclijor Group<\/title>\n<meta name=\"robots\" content=\"index, follow, max-snippet:-1, max-image-preview:large, max-video-preview:-1\" \/>\n<link rel=\"canonical\" href=\"https:\/\/miclijor.com\/fr\/aviso-legal-imprint\/\" \/>\n<meta property=\"og:locale\" content=\"fr_FR\" \/>\n<meta property=\"og:type\" content=\"article\" \/>\n<meta property=\"og:title\" content=\"Aviso Legal \/ Imprint - Miclijor Group\" \/>\n<meta property=\"og:url\" content=\"https:\/\/miclijor.com\/fr\/aviso-legal-imprint\/\" \/>\n<meta property=\"og:site_name\" content=\"Miclijor Group\" \/>\n<meta property=\"article:modified_time\" content=\"2026-02-25T17:41:08+00:00\" \/>\n<meta property=\"og:image\" content=\"https:\/\/miclijor.com\/wp-content\/uploads\/2026\/02\/HQ-Mijas-60-1024x684.jpg\" \/>\n\t<meta property=\"og:image:width\" content=\"1024\" \/>\n\t<meta property=\"og:image:height\" content=\"684\" \/>\n\t<meta property=\"og:image:type\" content=\"image\/jpeg\" \/>\n<meta name=\"twitter:card\" content=\"summary_large_image\" \/>\n<meta name=\"twitter:label1\" content=\"Dur\u00e9e de lecture estim\u00e9e\" \/>\n\t<meta name=\"twitter:data1\" content=\"1 minute\" \/>\n<script type=\"application\/ld+json\" class=\"yoast-schema-graph\">{\"@context\":\"https:\/\/schema.org\",\"@graph\":[{\"@type\":\"WebPage\",\"@id\":\"https:\/\/miclijor.com\/aviso-legal-imprint\/\",\"url\":\"https:\/\/miclijor.com\/aviso-legal-imprint\/\",\"name\":\"Aviso Legal \/ Imprint - Miclijor Group\",\"isPartOf\":{\"@id\":\"https:\/\/miclijor.com\/#website\"},\"datePublished\":\"2026-02-25T17:24:01+00:00\",\"dateModified\":\"2026-02-25T17:41:08+00:00\",\"breadcrumb\":{\"@id\":\"https:\/\/miclijor.com\/aviso-legal-imprint\/#breadcrumb\"},\"inLanguage\":\"fr-FR\",\"potentialAction\":[{\"@type\":\"ReadAction\",\"target\":[\"https:\/\/miclijor.com\/aviso-legal-imprint\/\"]}]},{\"@type\":\"BreadcrumbList\",\"@id\":\"https:\/\/miclijor.com\/aviso-legal-imprint\/#breadcrumb\",\"itemListElement\":[{\"@type\":\"ListItem\",\"position\":1,\"name\":\"Home\",\"item\":\"https:\/\/miclijor.com\/\"},{\"@type\":\"ListItem\",\"position\":2,\"name\":\"Aviso Legal \/ Imprint\"}]},{\"@type\":\"WebSite\",\"@id\":\"https:\/\/miclijor.com\/#website\",\"url\":\"https:\/\/miclijor.com\/\",\"name\":\"Miclijor Group\",\"description\":\"Reformas Integrales y Obra Nueva en Marbella\",\"publisher\":{\"@id\":\"https:\/\/miclijor.com\/#organization\"},\"potentialAction\":[{\"@type\":\"SearchAction\",\"target\":{\"@type\":\"EntryPoint\",\"urlTemplate\":\"https:\/\/miclijor.com\/?s={search_term_string}\"},\"query-input\":{\"@type\":\"PropertyValueSpecification\",\"valueRequired\":true,\"valueName\":\"search_term_string\"}}],\"inLanguage\":\"fr-FR\"},{\"@type\":\"Organization\",\"@id\":\"https:\/\/miclijor.com\/#organization\",\"name\":\"Miclijor Group | Reformas Integrales y Obra Nueva en Marbella\",\"alternateName\":\"Miclijor Group\",\"url\":\"https:\/\/miclijor.com\/\",\"logo\":{\"@type\":\"ImageObject\",\"inLanguage\":\"fr-FR\",\"@id\":\"https:\/\/miclijor.com\/#\/schema\/logo\/image\/\",\"url\":\"https:\/\/miclijor.com\/wp-content\/uploads\/2026\/02\/Diseno-sin-titulo-39.png\",\"contentUrl\":\"https:\/\/miclijor.com\/wp-content\/uploads\/2026\/02\/Diseno-sin-titulo-39.png\",\"width\":1080,\"height\":1080,\"caption\":\"Miclijor Group | Reformas Integrales y Obra Nueva en Marbella\"},\"image\":{\"@id\":\"https:\/\/miclijor.com\/#\/schema\/logo\/image\/\"}}]}<\/script>\n<!-- \/ Yoast SEO Premium plugin. -->","yoast_head_json":{"title":"Aviso Legal \/ Imprint - Miclijor Group","robots":{"index":"index","follow":"follow","max-snippet":"max-snippet:-1","max-image-preview":"max-image-preview:large","max-video-preview":"max-video-preview:-1"},"canonical":"https:\/\/miclijor.com\/fr\/aviso-legal-imprint\/","og_locale":"fr_FR","og_type":"article","og_title":"Aviso Legal \/ Imprint - Miclijor Group","og_url":"https:\/\/miclijor.com\/fr\/aviso-legal-imprint\/","og_site_name":"Miclijor Group","article_modified_time":"2026-02-25T17:41:08+00:00","og_image":[{"width":1024,"height":684,"url":"https:\/\/miclijor.com\/wp-content\/uploads\/2026\/02\/HQ-Mijas-60-1024x684.jpg","type":"image\/jpeg"}],"twitter_card":"summary_large_image","twitter_misc":{"Dur\u00e9e de lecture estim\u00e9e":"1 minute"},"schema":{"@context":"https:\/\/schema.org","@graph":[{"@type":"WebPage","@id":"https:\/\/miclijor.com\/aviso-legal-imprint\/","url":"https:\/\/miclijor.com\/aviso-legal-imprint\/","name":"Aviso Legal \/ Imprint - Miclijor Group","isPartOf":{"@id":"https:\/\/miclijor.com\/#website"},"datePublished":"2026-02-25T17:24:01+00:00","dateModified":"2026-02-25T17:41:08+00:00","breadcrumb":{"@id":"https:\/\/miclijor.com\/aviso-legal-imprint\/#breadcrumb"},"inLanguage":"fr-FR","potentialAction":[{"@type":"ReadAction","target":["https:\/\/miclijor.com\/aviso-legal-imprint\/"]}]},{"@type":"BreadcrumbList","@id":"https:\/\/miclijor.com\/aviso-legal-imprint\/#breadcrumb","itemListElement":[{"@type":"ListItem","position":1,"name":"Home","item":"https:\/\/miclijor.com\/"},{"@type":"ListItem","position":2,"name":"Aviso Legal \/ Imprint"}]},{"@type":"WebSite","@id":"https:\/\/miclijor.com\/#website","url":"https:\/\/miclijor.com\/","name":"Groupe Miclijor","description":"R\u00e9formes compl\u00e8tes et nouvelles constructions \u00e0 Marbella","publisher":{"@id":"https:\/\/miclijor.com\/#organization"},"potentialAction":[{"@type":"SearchAction","target":{"@type":"EntryPoint","urlTemplate":"https:\/\/miclijor.com\/?s={search_term_string}"},"query-input":{"@type":"PropertyValueSpecification","valueRequired":true,"valueName":"search_term_string"}}],"inLanguage":"fr-FR"},{"@type":"Organization","@id":"https:\/\/miclijor.com\/#organization","name":"Groupe Miclijor : R\u00e9formes int\u00e9grales et nouvelles constructions \u00e0 Marbella","alternateName":"Miclijor Group","url":"https:\/\/miclijor.com\/","logo":{"@type":"ImageObject","inLanguage":"fr-FR","@id":"https:\/\/miclijor.com\/#\/schema\/logo\/image\/","url":"https:\/\/miclijor.com\/wp-content\/uploads\/2026\/02\/Diseno-sin-titulo-39.png","contentUrl":"https:\/\/miclijor.com\/wp-content\/uploads\/2026\/02\/Diseno-sin-titulo-39.png","width":1080,"height":1080,"caption":"Miclijor Group | Reformas Integrales y Obra Nueva en Marbella"},"image":{"@id":"https:\/\/miclijor.com\/#\/schema\/logo\/image\/"}}]}},"_links":{"self":[{"href":"https:\/\/miclijor.com\/fr\/wp-json\/wp\/v2\/pages\/4040","targetHints":{"allow":["GET"]}}],"collection":[{"href":"https:\/\/miclijor.com\/fr\/wp-json\/wp\/v2\/pages"}],"about":[{"href":"https:\/\/miclijor.com\/fr\/wp-json\/wp\/v2\/types\/page"}],"author":[{"embeddable":true,"href":"https:\/\/miclijor.com\/fr\/wp-json\/wp\/v2\/users\/1"}],"replies":[{"embeddable":true,"href":"https:\/\/miclijor.com\/fr\/wp-json\/wp\/v2\/comments?post=4040"}],"version-history":[{"count":1,"href":"https:\/\/miclijor.com\/fr\/wp-json\/wp\/v2\/pages\/4040\/revisions"}],"predecessor-version":[{"id":4043,"href":"https:\/\/miclijor.com\/fr\/wp-json\/wp\/v2\/pages\/4040\/revisions\/4043"}],"wp:attachment":[{"href":"https:\/\/miclijor.com\/fr\/wp-json\/wp\/v2\/media?parent=4040"}],"curies":[{"name":"wp","href":"https:\/\/api.w.org\/{rel}","templated":true}]}}