{"id":4041,"date":"2026-02-25T17:24:01","date_gmt":"2026-02-25T17:24:01","guid":{"rendered":"https:\/\/miclijor.com\/descargo-de-responsabilidad\/"},"modified":"2026-02-25T17:41:20","modified_gmt":"2026-02-25T17:41:20","slug":"clause-de-non-responsabilite","status":"publish","type":"page","link":"https:\/\/miclijor.com\/fr\/descargo-de-responsabilidad\/","title":{"rendered":"Clause de non-responsabilit\u00e9"},"content":{"rendered":"<!-- Legal document generated by Complianz | GDPR\/CCPA Cookie Consent https:\/\/wordpress.org\/plugins\/complianz-gdpr -->\n<div id=\"cmplz-document\" class=\"cmplz-document disclaimer cmplz-document-all\"><p>MICLIJOR s'engage \u00e0 maintenir ce site Web \u00e0 jour et exact. Si vous deviez n\u00e9anmoins trouver des informations incorrectes ou obsol\u00e8tes, nous vous serions reconnaissants de bien vouloir nous en faire part. Veuillez indiquer o\u00f9 vous avez lu l'information sur le site web. Nous nous pencherons sur la question dans les plus brefs d\u00e9lais. Veuillez envoyer votre r\u00e9ponse par courrier \u00e9lectronique \u00e0 <span class=\"cmplz-obfuscate\">&#105;&#110;f&#111;@<span class=\"cmplz-fmail-domain\">&#101;x&#046;c&#111;m<\/span>mi&#099;&#108;i&#106;o&#114;&#046;c&#111;m<\/span>.<\/p><p>Nous ne sommes pas responsables des pertes r\u00e9sultant d'inexactitudes ou d'incompl\u00e9tudes, ni des pertes r\u00e9sultant de probl\u00e8mes caus\u00e9s par ou inh\u00e9rents \u00e0 la diffusion d'informations par l'internet, tels que des perturbations ou des interruptions. Lors de l'utilisation de formulaires web, nous nous effor\u00e7ons de limiter au minimum le nombre de champs obligatoires. MICLIJOR d\u00e9cline toute responsabilit\u00e9 en cas de perte r\u00e9sultant de l'utilisation de donn\u00e9es, de conseils ou d'id\u00e9es fournis par ou au nom de MICLIJOR via ce site web.<\/p><p>Toutes les donn\u00e9es personnelles que vous nous fournissez dans le cadre de votre r\u00e9ponse ou de votre demande d'information ne seront utilis\u00e9es que conform\u00e9ment \u00e0 notre d\u00e9claration de confidentialit\u00e9.<\/p><p>Tous les droits de propri\u00e9t\u00e9 intellectuelle sur le contenu de ce site sont d\u00e9tenus par MICLIJOR.<\/p><p>La copie, la diffusion et toute autre utilisation de ce mat\u00e9riel ne sont pas autoris\u00e9es sans l'autorisation \u00e9crite de MICLIJOR, sauf et seulement dans la mesure o\u00f9 des dispositions de droit imp\u00e9ratif (comme le droit de citation) le pr\u00e9voient, \u00e0 moins qu'un contenu sp\u00e9cifique n'en d\u00e9cide autrement.<\/p><p>Si vous avez des questions ou des probl\u00e8mes concernant l'accessibilit\u00e9 du site web, n'h\u00e9sitez pas \u00e0 nous contacter.<\/p><\/div>","protected":false},"excerpt":{"rendered":"","protected":false},"author":1,"featured_media":0,"parent":0,"menu_order":0,"comment_status":"closed","ping_status":"closed","template":"","meta":{"footnotes":""},"class_list":["post-4041","page","type-page","status-publish","hentry"],"yoast_head":"<!-- This site is optimized with the Yoast SEO Premium plugin v27.1 (Yoast SEO v27.0) - https:\/\/yoast.com\/product\/yoast-seo-premium-wordpress\/ -->\n<title>Descargo de responsabilidad - Miclijor Group<\/title>\n<meta name=\"robots\" content=\"index, follow, max-snippet:-1, max-image-preview:large, max-video-preview:-1\" \/>\n<link rel=\"canonical\" href=\"https:\/\/miclijor.com\/fr\/clause-de-non-responsabilite\/\" \/>\n<meta property=\"og:locale\" content=\"fr_FR\" \/>\n<meta property=\"og:type\" content=\"article\" \/>\n<meta property=\"og:title\" content=\"Descargo de responsabilidad - Miclijor Group\" \/>\n<meta property=\"og:url\" content=\"https:\/\/miclijor.com\/fr\/clause-de-non-responsabilite\/\" \/>\n<meta property=\"og:site_name\" content=\"Miclijor Group\" \/>\n<meta property=\"article:modified_time\" content=\"2026-02-25T17:41:20+00:00\" \/>\n<meta property=\"og:image\" content=\"https:\/\/miclijor.com\/wp-content\/uploads\/2026\/02\/HQ-Mijas-60-1024x684.jpg\" \/>\n\t<meta property=\"og:image:width\" content=\"1024\" \/>\n\t<meta property=\"og:image:height\" content=\"684\" \/>\n\t<meta property=\"og:image:type\" content=\"image\/jpeg\" \/>\n<meta name=\"twitter:card\" content=\"summary_large_image\" \/>\n<meta name=\"twitter:label1\" content=\"Dur\u00e9e de lecture estim\u00e9e\" \/>\n\t<meta name=\"twitter:data1\" content=\"1 minute\" \/>\n<script type=\"application\/ld+json\" class=\"yoast-schema-graph\">{\"@context\":\"https:\/\/schema.org\",\"@graph\":[{\"@type\":\"WebPage\",\"@id\":\"https:\/\/miclijor.com\/descargo-de-responsabilidad\/\",\"url\":\"https:\/\/miclijor.com\/descargo-de-responsabilidad\/\",\"name\":\"Descargo de responsabilidad - Miclijor Group\",\"isPartOf\":{\"@id\":\"https:\/\/miclijor.com\/#website\"},\"datePublished\":\"2026-02-25T17:24:01+00:00\",\"dateModified\":\"2026-02-25T17:41:20+00:00\",\"breadcrumb\":{\"@id\":\"https:\/\/miclijor.com\/descargo-de-responsabilidad\/#breadcrumb\"},\"inLanguage\":\"fr-FR\",\"potentialAction\":[{\"@type\":\"ReadAction\",\"target\":[\"https:\/\/miclijor.com\/descargo-de-responsabilidad\/\"]}]},{\"@type\":\"BreadcrumbList\",\"@id\":\"https:\/\/miclijor.com\/descargo-de-responsabilidad\/#breadcrumb\",\"itemListElement\":[{\"@type\":\"ListItem\",\"position\":1,\"name\":\"Home\",\"item\":\"https:\/\/miclijor.com\/\"},{\"@type\":\"ListItem\",\"position\":2,\"name\":\"Descargo de responsabilidad\"}]},{\"@type\":\"WebSite\",\"@id\":\"https:\/\/miclijor.com\/#website\",\"url\":\"https:\/\/miclijor.com\/\",\"name\":\"Miclijor Group\",\"description\":\"Reformas Integrales y Obra Nueva en Marbella\",\"publisher\":{\"@id\":\"https:\/\/miclijor.com\/#organization\"},\"potentialAction\":[{\"@type\":\"SearchAction\",\"target\":{\"@type\":\"EntryPoint\",\"urlTemplate\":\"https:\/\/miclijor.com\/?s={search_term_string}\"},\"query-input\":{\"@type\":\"PropertyValueSpecification\",\"valueRequired\":true,\"valueName\":\"search_term_string\"}}],\"inLanguage\":\"fr-FR\"},{\"@type\":\"Organization\",\"@id\":\"https:\/\/miclijor.com\/#organization\",\"name\":\"Miclijor Group | Reformas Integrales y Obra Nueva en Marbella\",\"alternateName\":\"Miclijor Group\",\"url\":\"https:\/\/miclijor.com\/\",\"logo\":{\"@type\":\"ImageObject\",\"inLanguage\":\"fr-FR\",\"@id\":\"https:\/\/miclijor.com\/#\/schema\/logo\/image\/\",\"url\":\"https:\/\/miclijor.com\/wp-content\/uploads\/2026\/02\/Diseno-sin-titulo-39.png\",\"contentUrl\":\"https:\/\/miclijor.com\/wp-content\/uploads\/2026\/02\/Diseno-sin-titulo-39.png\",\"width\":1080,\"height\":1080,\"caption\":\"Miclijor Group | Reformas Integrales y Obra Nueva en Marbella\"},\"image\":{\"@id\":\"https:\/\/miclijor.com\/#\/schema\/logo\/image\/\"}}]}<\/script>\n<!-- \/ Yoast SEO Premium plugin. -->","yoast_head_json":{"title":"Clause de non-responsabilit\u00e9 - Groupe Miclijor","robots":{"index":"index","follow":"follow","max-snippet":"max-snippet:-1","max-image-preview":"max-image-preview:large","max-video-preview":"max-video-preview:-1"},"canonical":"https:\/\/miclijor.com\/fr\/clause-de-non-responsabilite\/","og_locale":"fr_FR","og_type":"article","og_title":"Descargo de responsabilidad - Miclijor Group","og_url":"https:\/\/miclijor.com\/fr\/clause-de-non-responsabilite\/","og_site_name":"Miclijor Group","article_modified_time":"2026-02-25T17:41:20+00:00","og_image":[{"width":1024,"height":684,"url":"https:\/\/miclijor.com\/wp-content\/uploads\/2026\/02\/HQ-Mijas-60-1024x684.jpg","type":"image\/jpeg"}],"twitter_card":"summary_large_image","twitter_misc":{"Dur\u00e9e de lecture estim\u00e9e":"1 minute"},"schema":{"@context":"https:\/\/schema.org","@graph":[{"@type":"WebPage","@id":"https:\/\/miclijor.com\/descargo-de-responsabilidad\/","url":"https:\/\/miclijor.com\/descargo-de-responsabilidad\/","name":"Clause de non-responsabilit\u00e9 - Groupe Miclijor","isPartOf":{"@id":"https:\/\/miclijor.com\/#website"},"datePublished":"2026-02-25T17:24:01+00:00","dateModified":"2026-02-25T17:41:20+00:00","breadcrumb":{"@id":"https:\/\/miclijor.com\/descargo-de-responsabilidad\/#breadcrumb"},"inLanguage":"fr-FR","potentialAction":[{"@type":"ReadAction","target":["https:\/\/miclijor.com\/descargo-de-responsabilidad\/"]}]},{"@type":"BreadcrumbList","@id":"https:\/\/miclijor.com\/descargo-de-responsabilidad\/#breadcrumb","itemListElement":[{"@type":"ListItem","position":1,"name":"Home","item":"https:\/\/miclijor.com\/"},{"@type":"ListItem","position":2,"name":"Descargo de responsabilidad"}]},{"@type":"WebSite","@id":"https:\/\/miclijor.com\/#website","url":"https:\/\/miclijor.com\/","name":"Groupe Miclijor","description":"R\u00e9formes compl\u00e8tes et nouvelles constructions \u00e0 Marbella","publisher":{"@id":"https:\/\/miclijor.com\/#organization"},"potentialAction":[{"@type":"SearchAction","target":{"@type":"EntryPoint","urlTemplate":"https:\/\/miclijor.com\/?s={search_term_string}"},"query-input":{"@type":"PropertyValueSpecification","valueRequired":true,"valueName":"search_term_string"}}],"inLanguage":"fr-FR"},{"@type":"Organization","@id":"https:\/\/miclijor.com\/#organization","name":"Groupe Miclijor : R\u00e9formes int\u00e9grales et nouvelles constructions \u00e0 Marbella","alternateName":"Miclijor Group","url":"https:\/\/miclijor.com\/","logo":{"@type":"ImageObject","inLanguage":"fr-FR","@id":"https:\/\/miclijor.com\/#\/schema\/logo\/image\/","url":"https:\/\/miclijor.com\/wp-content\/uploads\/2026\/02\/Diseno-sin-titulo-39.png","contentUrl":"https:\/\/miclijor.com\/wp-content\/uploads\/2026\/02\/Diseno-sin-titulo-39.png","width":1080,"height":1080,"caption":"Miclijor Group | Reformas Integrales y Obra Nueva en Marbella"},"image":{"@id":"https:\/\/miclijor.com\/#\/schema\/logo\/image\/"}}]}},"_links":{"self":[{"href":"https:\/\/miclijor.com\/fr\/wp-json\/wp\/v2\/pages\/4041","targetHints":{"allow":["GET"]}}],"collection":[{"href":"https:\/\/miclijor.com\/fr\/wp-json\/wp\/v2\/pages"}],"about":[{"href":"https:\/\/miclijor.com\/fr\/wp-json\/wp\/v2\/types\/page"}],"author":[{"embeddable":true,"href":"https:\/\/miclijor.com\/fr\/wp-json\/wp\/v2\/users\/1"}],"replies":[{"embeddable":true,"href":"https:\/\/miclijor.com\/fr\/wp-json\/wp\/v2\/comments?post=4041"}],"version-history":[{"count":1,"href":"https:\/\/miclijor.com\/fr\/wp-json\/wp\/v2\/pages\/4041\/revisions"}],"predecessor-version":[{"id":4045,"href":"https:\/\/miclijor.com\/fr\/wp-json\/wp\/v2\/pages\/4041\/revisions\/4045"}],"wp:attachment":[{"href":"https:\/\/miclijor.com\/fr\/wp-json\/wp\/v2\/media?parent=4041"}],"curies":[{"name":"wp","href":"https:\/\/api.w.org\/{rel}","templated":true}]}}